{"id":1339,"date":"2024-12-23T14:44:23","date_gmt":"2024-12-23T19:44:23","guid":{"rendered":"https:\/\/giramas.com.co\/Index\/?page_id=1339"},"modified":"2024-12-23T14:46:06","modified_gmt":"2024-12-23T19:46:06","slug":"tarifa-especial-navidad-2024","status":"publish","type":"page","link":"https:\/\/giramas.com.co\/Index\/tarifa-especial-navidad-2024\/","title":{"rendered":""},"content":{"rendered":"\t\t<div data-elementor-type=\"wp-page\" data-elementor-id=\"1339\" class=\"elementor elementor-1339\" data-elementor-post-type=\"page\">\n\t\t\t\t\t\t<section class=\"elementor-section elementor-top-section elementor-element elementor-element-3ca72ed elementor-section-boxed elementor-section-height-default elementor-section-height-default\" data-id=\"3ca72ed\" data-element_type=\"section\">\n\t\t\t\t\t\t<div class=\"elementor-container elementor-column-gap-default\">\n\t\t\t\t\t<div class=\"elementor-column elementor-col-100 elementor-top-column elementor-element elementor-element-9c16528\" data-id=\"9c16528\" data-element_type=\"column\">\n\t\t\t<div class=\"elementor-widget-wrap elementor-element-populated\">\n\t\t\t\t\t\t<section class=\"elementor-section elementor-inner-section elementor-element elementor-element-5a16b9f elementor-section-boxed elementor-section-height-default elementor-section-height-default\" data-id=\"5a16b9f\" data-element_type=\"section\">\n\t\t\t\t\t\t<div class=\"elementor-container elementor-column-gap-default\">\n\t\t\t\t\t<div class=\"elementor-column elementor-col-50 elementor-inner-column elementor-element elementor-element-a47db19\" data-id=\"a47db19\" data-element_type=\"column\">\n\t\t\t<div class=\"elementor-widget-wrap elementor-element-populated\">\n\t\t\t\t\t\t<div class=\"elementor-element elementor-element-dad2e8a elementor-widget elementor-widget-heading\" data-id=\"dad2e8a\" data-element_type=\"widget\" data-widget_type=\"heading.default\">\n\t\t\t\t<div class=\"elementor-widget-container\">\n\t\t\t<h1 class=\"elementor-heading-title elementor-size-default\">Black Days con giros con tarifa de $2.500<\/h1>\t\t<\/div>\n\t\t\t\t<\/div>\n\t\t\t\t<div class=\"elementor-element elementor-element-8f3e6ce elementor-widget elementor-widget-heading\" data-id=\"8f3e6ce\" data-element_type=\"widget\" data-widget_type=\"heading.default\">\n\t\t\t\t<div class=\"elementor-widget-container\">\n\t\t\t<p class=\"elementor-heading-title elementor-size-default\">Vigencia<\/p>\t\t<\/div>\n\t\t\t\t<\/div>\n\t\t\t\t<div class=\"elementor-element elementor-element-2d5aa96 elementor-widget elementor-widget-text-editor\" data-id=\"2d5aa96\" data-element_type=\"widget\" data-widget_type=\"text-editor.default\">\n\t\t\t\t<div class=\"elementor-widget-container\">\n\t\t\t\t\t\t\t<p>V\u00e1lido el 23 y 24 de diciembre\u00a0 de 2024<\/p>\t\t\t\t\t\t<\/div>\n\t\t\t\t<\/div>\n\t\t\t\t\t<\/div>\n\t\t<\/div>\n\t\t\t\t<div class=\"elementor-column elementor-col-50 elementor-inner-column elementor-element elementor-element-2d200f2\" data-id=\"2d200f2\" data-element_type=\"column\">\n\t\t\t<div class=\"elementor-widget-wrap elementor-element-populated\">\n\t\t\t\t\t\t<div class=\"elementor-element elementor-element-80b2a2e elementor-widget elementor-widget-image\" data-id=\"80b2a2e\" data-element_type=\"widget\" data-widget_type=\"image.default\">\n\t\t\t\t<div class=\"elementor-widget-container\">\n\t\t\t\t\t\t\t\t\t\t\t\t\t<img fetchpriority=\"high\" decoding=\"async\" width=\"789\" height=\"1024\" src=\"https:\/\/giramas.com.co\/Index\/wp-content\/uploads\/2024\/12\/Banner-tarifa-especial-navidad-789x1024.jpg\" class=\"attachment-large size-large wp-image-1340\" alt=\"\" srcset=\"https:\/\/giramas.com.co\/Index\/wp-content\/uploads\/2024\/12\/Banner-tarifa-especial-navidad-789x1024.jpg 789w, https:\/\/giramas.com.co\/Index\/wp-content\/uploads\/2024\/12\/Banner-tarifa-especial-navidad-231x300.jpg 231w, https:\/\/giramas.com.co\/Index\/wp-content\/uploads\/2024\/12\/Banner-tarifa-especial-navidad-768x997.jpg 768w, https:\/\/giramas.com.co\/Index\/wp-content\/uploads\/2024\/12\/Banner-tarifa-especial-navidad.jpg 799w\" sizes=\"(max-width: 789px) 100vw, 789px\" \/>\t\t\t\t\t\t\t\t\t\t\t\t\t<\/div>\n\t\t\t\t<\/div>\n\t\t\t\t\t<\/div>\n\t\t<\/div>\n\t\t\t\t\t<\/div>\n\t\t<\/section>\n\t\t\t\t\t<\/div>\n\t\t<\/div>\n\t\t\t\t\t<\/div>\n\t\t<\/section>\n\t\t\t\t<section class=\"elementor-section elementor-top-section elementor-element elementor-element-ade641e elementor-section-boxed elementor-section-height-default elementor-section-height-default\" data-id=\"ade641e\" data-element_type=\"section\">\n\t\t\t\t\t\t<div class=\"elementor-container elementor-column-gap-default\">\n\t\t\t\t\t<div class=\"elementor-column elementor-col-100 elementor-top-column elementor-element elementor-element-84573d5\" data-id=\"84573d5\" data-element_type=\"column\">\n\t\t\t<div class=\"elementor-widget-wrap elementor-element-populated\">\n\t\t\t\t\t\t<div class=\"elementor-element elementor-element-9992a9b elementor-widget elementor-widget-spacer\" data-id=\"9992a9b\" data-element_type=\"widget\" data-widget_type=\"spacer.default\">\n\t\t\t\t<div class=\"elementor-widget-container\">\n\t\t\t\t\t<div class=\"elementor-spacer\">\n\t\t\t<div class=\"elementor-spacer-inner\"><\/div>\n\t\t<\/div>\n\t\t\t\t<\/div>\n\t\t\t\t<\/div>\n\t\t\t\t<div class=\"elementor-element elementor-element-5d49cf6 elementor-widget elementor-widget-spacer\" data-id=\"5d49cf6\" data-element_type=\"widget\" data-widget_type=\"spacer.default\">\n\t\t\t\t<div class=\"elementor-widget-container\">\n\t\t\t\t\t<div class=\"elementor-spacer\">\n\t\t\t<div class=\"elementor-spacer-inner\"><\/div>\n\t\t<\/div>\n\t\t\t\t<\/div>\n\t\t\t\t<\/div>\n\t\t\t\t<div class=\"elementor-element elementor-element-b414da4 elementor-widget elementor-widget-heading\" data-id=\"b414da4\" data-element_type=\"widget\" data-widget_type=\"heading.default\">\n\t\t\t\t<div class=\"elementor-widget-container\">\n\t\t\t<p class=\"elementor-heading-title elementor-size-default\">Mec\u00e1nica<\/p>\t\t<\/div>\n\t\t\t\t<\/div>\n\t\t\t\t<div class=\"elementor-element elementor-element-d443757 elementor-widget elementor-widget-text-editor\" data-id=\"d443757\" data-element_type=\"widget\" data-widget_type=\"text-editor.default\">\n\t\t\t\t<div class=\"elementor-widget-container\">\n\t\t\t\t\t\t\t<p>Los giros que realices desde $10.000 hasta $400.000 durante la vigencia de la campa\u00f1a, tendr\u00e1n una tarifa de $2.500.<\/p>\t\t\t\t\t\t<\/div>\n\t\t\t\t<\/div>\n\t\t\t\t<div class=\"elementor-element elementor-element-9014113 elementor-widget elementor-widget-heading\" data-id=\"9014113\" data-element_type=\"widget\" data-widget_type=\"heading.default\">\n\t\t\t\t<div class=\"elementor-widget-container\">\n\t\t\t<p class=\"elementor-heading-title elementor-size-default\">T\u00e9rminos y Condiciones<\/p>\t\t<\/div>\n\t\t\t\t<\/div>\n\t\t\t\t\t<\/div>\n\t\t<\/div>\n\t\t\t\t\t<\/div>\n\t\t<\/section>\n\t\t\t\t<section class=\"elementor-section elementor-top-section elementor-element elementor-element-9da7fa9 elementor-section-boxed elementor-section-height-default elementor-section-height-default\" data-id=\"9da7fa9\" data-element_type=\"section\">\n\t\t\t\t\t\t<div class=\"elementor-container elementor-column-gap-default\">\n\t\t\t\t\t<div class=\"elementor-column elementor-col-100 elementor-top-column elementor-element elementor-element-5631413\" data-id=\"5631413\" data-element_type=\"column\">\n\t\t\t<div class=\"elementor-widget-wrap elementor-element-populated\">\n\t\t\t\t\t\t<div class=\"elementor-element elementor-element-f4df187 elementor-widget elementor-widget-text-editor\" data-id=\"f4df187\" data-element_type=\"widget\" data-widget_type=\"text-editor.default\">\n\t\t\t\t<div class=\"elementor-widget-container\">\n\t\t\t\t\t\t\t<p>Aplican los giros emitidos hasta por monto de $400.000. La tarifa es fija de $2.500. Giros emitidos por cualquier canal. Para los giros emitidos mayor a $400.000 la tarifa no es fija y ser\u00e1 la tarifa vigente publicada.<\/p>\t\t\t\t\t\t<\/div>\n\t\t\t\t<\/div>\n\t\t\t\t\t<\/div>\n\t\t<\/div>\n\t\t\t\t\t<\/div>\n\t\t<\/section>\n\t\t\t\t<\/div>\n\t\t","protected":false},"excerpt":{"rendered":"<p>Black Days con giros con tarifa de $2.500 Vigencia V\u00e1lido el 23 y 24 de diciembre\u00a0 de 2024 Mec\u00e1nica Los giros que realices desde $10.000 hasta $400.000 durante la vigencia de la campa\u00f1a, tendr\u00e1n una tarifa de $2.500. T\u00e9rminos y Condiciones Aplican los giros emitidos hasta por monto de $400.000. La tarifa es fija de [&hellip;]<\/p>\n","protected":false},"author":2,"featured_media":0,"parent":0,"menu_order":0,"comment_status":"closed","ping_status":"closed","template":"","meta":{"footnotes":""},"yoast_head":"<!-- This site is optimized with the Yoast SEO plugin v22.3 - https:\/\/yoast.com\/wordpress\/plugins\/seo\/ -->\r\n<title>- Giramas.com.co<\/title>\r\n<meta name=\"robots\" content=\"index, follow, max-snippet:-1, max-image-preview:large, max-video-preview:-1\" \/>\r\n<link rel=\"canonical\" href=\"https:\/\/giramas.com.co\/Index\/tarifa-especial-navidad-2024\/\" \/>\r\n<meta property=\"og:locale\" content=\"es_ES\" \/>\r\n<meta property=\"og:type\" content=\"article\" \/>\r\n<meta property=\"og:title\" content=\"- Giramas.com.co\" \/>\r\n<meta property=\"og:description\" content=\"Black Days con giros con tarifa de $2.500 Vigencia V\u00e1lido el 23 y 24 de diciembre\u00a0 de 2024 Mec\u00e1nica Los giros que realices desde $10.000 hasta $400.000 durante la vigencia de la campa\u00f1a, tendr\u00e1n una tarifa de $2.500. T\u00e9rminos y Condiciones Aplican los giros emitidos hasta por monto de $400.000. La tarifa es fija de [&hellip;]\" \/>\r\n<meta property=\"og:url\" content=\"https:\/\/giramas.com.co\/Index\/tarifa-especial-navidad-2024\/\" \/>\r\n<meta property=\"og:site_name\" content=\"Giramas.com.co\" \/>\r\n<meta property=\"article:modified_time\" content=\"2024-12-23T19:46:06+00:00\" \/>\r\n<meta property=\"og:image\" content=\"https:\/\/giramas.com.co\/Index\/wp-content\/uploads\/2024\/12\/Banner-tarifa-especial-navidad-789x1024.jpg\" \/>\r\n<meta name=\"twitter:card\" content=\"summary_large_image\" \/>\r\n<meta name=\"twitter:label1\" content=\"Tiempo estimado de lectura\" \/>\n\t<meta name=\"twitter:data1\" content=\"1 minuto\" \/>\r\n<script type=\"application\/ld+json\" class=\"yoast-schema-graph\">{\"@context\":\"https:\/\/schema.org\",\"@graph\":[{\"@type\":\"WebPage\",\"@id\":\"https:\/\/giramas.com.co\/Index\/tarifa-especial-navidad-2024\/\",\"url\":\"https:\/\/giramas.com.co\/Index\/tarifa-especial-navidad-2024\/\",\"name\":\"- Giramas.com.co\",\"isPartOf\":{\"@id\":\"https:\/\/giramas.com.co\/Index\/#website\"},\"primaryImageOfPage\":{\"@id\":\"https:\/\/giramas.com.co\/Index\/tarifa-especial-navidad-2024\/#primaryimage\"},\"image\":{\"@id\":\"https:\/\/giramas.com.co\/Index\/tarifa-especial-navidad-2024\/#primaryimage\"},\"thumbnailUrl\":\"https:\/\/giramas.com.co\/Index\/wp-content\/uploads\/2024\/12\/Banner-tarifa-especial-navidad-789x1024.jpg\",\"datePublished\":\"2024-12-23T19:44:23+00:00\",\"dateModified\":\"2024-12-23T19:46:06+00:00\",\"inLanguage\":\"es-CO\",\"potentialAction\":[{\"@type\":\"ReadAction\",\"target\":[\"https:\/\/giramas.com.co\/Index\/tarifa-especial-navidad-2024\/\"]}]},{\"@type\":\"ImageObject\",\"inLanguage\":\"es-CO\",\"@id\":\"https:\/\/giramas.com.co\/Index\/tarifa-especial-navidad-2024\/#primaryimage\",\"url\":\"https:\/\/giramas.com.co\/Index\/wp-content\/uploads\/2024\/12\/Banner-tarifa-especial-navidad.jpg\",\"contentUrl\":\"https:\/\/giramas.com.co\/Index\/wp-content\/uploads\/2024\/12\/Banner-tarifa-especial-navidad.jpg\",\"width\":799,\"height\":1037},{\"@type\":\"WebSite\",\"@id\":\"https:\/\/giramas.com.co\/Index\/#website\",\"url\":\"https:\/\/giramas.com.co\/Index\/\",\"name\":\"Giramas.com.co\",\"description\":\"Un giro que te acerca a los que quieres\",\"publisher\":{\"@id\":\"https:\/\/giramas.com.co\/Index\/#organization\"},\"potentialAction\":[{\"@type\":\"SearchAction\",\"target\":{\"@type\":\"EntryPoint\",\"urlTemplate\":\"https:\/\/giramas.com.co\/Index\/?s={search_term_string}\"},\"query-input\":\"required name=search_term_string\"}],\"inLanguage\":\"es-CO\"},{\"@type\":\"Organization\",\"@id\":\"https:\/\/giramas.com.co\/Index\/#organization\",\"name\":\"Giramas.com.co\",\"url\":\"https:\/\/giramas.com.co\/Index\/\",\"logo\":{\"@type\":\"ImageObject\",\"inLanguage\":\"es-CO\",\"@id\":\"https:\/\/giramas.com.co\/Index\/#\/schema\/logo\/image\/\",\"url\":\"https:\/\/giramas.com.co\/Index\/wp-content\/uploads\/2020\/01\/cropped-giramas-ind@3x.png\",\"contentUrl\":\"https:\/\/giramas.com.co\/Index\/wp-content\/uploads\/2020\/01\/cropped-giramas-ind@3x.png\",\"width\":384,\"height\":192,\"caption\":\"Giramas.com.co\"},\"image\":{\"@id\":\"https:\/\/giramas.com.co\/Index\/#\/schema\/logo\/image\/\"}}]}<\/script>\r\n<!-- \/ Yoast SEO plugin. -->","yoast_head_json":{"title":"- Giramas.com.co","robots":{"index":"index","follow":"follow","max-snippet":"max-snippet:-1","max-image-preview":"max-image-preview:large","max-video-preview":"max-video-preview:-1"},"canonical":"https:\/\/giramas.com.co\/Index\/tarifa-especial-navidad-2024\/","og_locale":"es_ES","og_type":"article","og_title":"- Giramas.com.co","og_description":"Black Days con giros con tarifa de $2.500 Vigencia V\u00e1lido el 23 y 24 de diciembre\u00a0 de 2024 Mec\u00e1nica Los giros que realices desde $10.000 hasta $400.000 durante la vigencia de la campa\u00f1a, tendr\u00e1n una tarifa de $2.500. T\u00e9rminos y Condiciones Aplican los giros emitidos hasta por monto de $400.000. La tarifa es fija de [&hellip;]","og_url":"https:\/\/giramas.com.co\/Index\/tarifa-especial-navidad-2024\/","og_site_name":"Giramas.com.co","article_modified_time":"2024-12-23T19:46:06+00:00","og_image":[{"url":"https:\/\/giramas.com.co\/Index\/wp-content\/uploads\/2024\/12\/Banner-tarifa-especial-navidad-789x1024.jpg"}],"twitter_card":"summary_large_image","twitter_misc":{"Tiempo estimado de lectura":"1 minuto"},"schema":{"@context":"https:\/\/schema.org","@graph":[{"@type":"WebPage","@id":"https:\/\/giramas.com.co\/Index\/tarifa-especial-navidad-2024\/","url":"https:\/\/giramas.com.co\/Index\/tarifa-especial-navidad-2024\/","name":"- Giramas.com.co","isPartOf":{"@id":"https:\/\/giramas.com.co\/Index\/#website"},"primaryImageOfPage":{"@id":"https:\/\/giramas.com.co\/Index\/tarifa-especial-navidad-2024\/#primaryimage"},"image":{"@id":"https:\/\/giramas.com.co\/Index\/tarifa-especial-navidad-2024\/#primaryimage"},"thumbnailUrl":"https:\/\/giramas.com.co\/Index\/wp-content\/uploads\/2024\/12\/Banner-tarifa-especial-navidad-789x1024.jpg","datePublished":"2024-12-23T19:44:23+00:00","dateModified":"2024-12-23T19:46:06+00:00","inLanguage":"es-CO","potentialAction":[{"@type":"ReadAction","target":["https:\/\/giramas.com.co\/Index\/tarifa-especial-navidad-2024\/"]}]},{"@type":"ImageObject","inLanguage":"es-CO","@id":"https:\/\/giramas.com.co\/Index\/tarifa-especial-navidad-2024\/#primaryimage","url":"https:\/\/giramas.com.co\/Index\/wp-content\/uploads\/2024\/12\/Banner-tarifa-especial-navidad.jpg","contentUrl":"https:\/\/giramas.com.co\/Index\/wp-content\/uploads\/2024\/12\/Banner-tarifa-especial-navidad.jpg","width":799,"height":1037},{"@type":"WebSite","@id":"https:\/\/giramas.com.co\/Index\/#website","url":"https:\/\/giramas.com.co\/Index\/","name":"Giramas.com.co","description":"Un giro que te acerca a los que quieres","publisher":{"@id":"https:\/\/giramas.com.co\/Index\/#organization"},"potentialAction":[{"@type":"SearchAction","target":{"@type":"EntryPoint","urlTemplate":"https:\/\/giramas.com.co\/Index\/?s={search_term_string}"},"query-input":"required name=search_term_string"}],"inLanguage":"es-CO"},{"@type":"Organization","@id":"https:\/\/giramas.com.co\/Index\/#organization","name":"Giramas.com.co","url":"https:\/\/giramas.com.co\/Index\/","logo":{"@type":"ImageObject","inLanguage":"es-CO","@id":"https:\/\/giramas.com.co\/Index\/#\/schema\/logo\/image\/","url":"https:\/\/giramas.com.co\/Index\/wp-content\/uploads\/2020\/01\/cropped-giramas-ind@3x.png","contentUrl":"https:\/\/giramas.com.co\/Index\/wp-content\/uploads\/2020\/01\/cropped-giramas-ind@3x.png","width":384,"height":192,"caption":"Giramas.com.co"},"image":{"@id":"https:\/\/giramas.com.co\/Index\/#\/schema\/logo\/image\/"}}]}},"_links":{"self":[{"href":"https:\/\/giramas.com.co\/Index\/wp-json\/wp\/v2\/pages\/1339"}],"collection":[{"href":"https:\/\/giramas.com.co\/Index\/wp-json\/wp\/v2\/pages"}],"about":[{"href":"https:\/\/giramas.com.co\/Index\/wp-json\/wp\/v2\/types\/page"}],"author":[{"embeddable":true,"href":"https:\/\/giramas.com.co\/Index\/wp-json\/wp\/v2\/users\/2"}],"replies":[{"embeddable":true,"href":"https:\/\/giramas.com.co\/Index\/wp-json\/wp\/v2\/comments?post=1339"}],"version-history":[{"count":7,"href":"https:\/\/giramas.com.co\/Index\/wp-json\/wp\/v2\/pages\/1339\/revisions"}],"predecessor-version":[{"id":1347,"href":"https:\/\/giramas.com.co\/Index\/wp-json\/wp\/v2\/pages\/1339\/revisions\/1347"}],"wp:attachment":[{"href":"https:\/\/giramas.com.co\/Index\/wp-json\/wp\/v2\/media?parent=1339"}],"curies":[{"name":"wp","href":"https:\/\/api.w.org\/{rel}","templated":true}]}}