{"id":185,"date":"2020-01-02T09:40:10","date_gmt":"2020-01-02T14:40:10","guid":{"rendered":"https:\/\/giramas.com.co\/Index\/?page_id=185"},"modified":"2021-03-25T11:54:09","modified_gmt":"2021-03-25T16:54:09","slug":"iniciar-sesion","status":"publish","type":"page","link":"https:\/\/giramas.com.co\/Index\/iniciar-sesion\/","title":{"rendered":"Iniciar sesi\u00f3n"},"content":{"rendered":"\t\t<div data-elementor-type=\"wp-page\" data-elementor-id=\"185\" class=\"elementor elementor-185\" data-elementor-post-type=\"page\">\n\t\t\t\t\t\t<section class=\"elementor-section elementor-top-section elementor-element elementor-element-52908f3 elementor-section-boxed elementor-section-height-default elementor-section-height-default\" data-id=\"52908f3\" data-element_type=\"section\">\n\t\t\t\t\t\t<div class=\"elementor-container elementor-column-gap-extended\">\n\t\t\t\t\t<div class=\"elementor-column elementor-col-50 elementor-top-column elementor-element elementor-element-5963269\" data-id=\"5963269\" data-element_type=\"column\">\n\t\t\t<div class=\"elementor-widget-wrap elementor-element-populated\">\n\t\t\t\t\t\t<div class=\"elementor-element elementor-element-c293aa1 elementor-widget elementor-widget-heading\" data-id=\"c293aa1\" data-element_type=\"widget\" data-widget_type=\"heading.default\">\n\t\t\t\t<div class=\"elementor-widget-container\">\n\t\t\t<h1 class=\"elementor-heading-title elementor-size-default\">INICIA SESI\u00d3N<\/h1>\t\t<\/div>\n\t\t\t\t<\/div>\n\t\t\t\t\t<\/div>\n\t\t<\/div>\n\t\t\t\t<div class=\"elementor-column elementor-col-50 elementor-top-column elementor-element elementor-element-927b373\" data-id=\"927b373\" data-element_type=\"column\">\n\t\t\t<div class=\"elementor-widget-wrap elementor-element-populated\">\n\t\t\t\t\t\t<div class=\"elementor-element elementor-element-6d4a5c7 elementor-absolute elementor-widget elementor-widget-heading\" data-id=\"6d4a5c7\" data-element_type=\"widget\" data-settings=\"{&quot;_position&quot;:&quot;absolute&quot;}\" data-widget_type=\"heading.default\">\n\t\t\t\t<div class=\"elementor-widget-container\">\n\t\t\t<h5 class=\"elementor-heading-title elementor-size-default\"><a href=\"https:\/\/giramas.com.co\/Index\/registrarse\/\">Reg\u00edstrate<\/a><\/h5>\t\t<\/div>\n\t\t\t\t<\/div>\n\t\t\t\t\t<\/div>\n\t\t<\/div>\n\t\t\t\t\t<\/div>\n\t\t<\/section>\n\t\t\t\t<section class=\"elementor-section elementor-top-section elementor-element elementor-element-19bab4d elementor-section-full_width elementor-section-height-default elementor-section-height-default\" data-id=\"19bab4d\" data-element_type=\"section\">\n\t\t\t\t\t\t<div class=\"elementor-container elementor-column-gap-default\">\n\t\t\t\t\t<div class=\"elementor-column elementor-col-100 elementor-top-column elementor-element elementor-element-13e8fd4\" data-id=\"13e8fd4\" data-element_type=\"column\">\n\t\t\t<div class=\"elementor-widget-wrap elementor-element-populated\">\n\t\t\t\t\t\t<div class=\"elementor-element elementor-element-0aa7d20 elementor-widget elementor-widget-html\" data-id=\"0aa7d20\" data-element_type=\"widget\" data-widget_type=\"html.default\">\n\t\t\t\t<div class=\"elementor-widget-container\">\n\t\t\t<script>\n  function resizeIframe(obj) {\n    obj.style.height = obj.contentWindow.document.body.scrollHeight + 'px';\n    obj.style.minHeight = \"444px\";\n  }\n<\/script>\n<div id=\"fomularioSolicitud\">\n\n<\/div>\n\n<script>\nlet urlFin=\"\/back\/L\"\nlet iframe=\n    \" <iframe  src='\"+urlFin+\"'type='text\/html' scrolling='no' frameborder='0' allowfullscreen onload='resizeIframe(this)'>No se puede cargar<\/iframe>\";\ndocument.getElementById('fomularioSolicitud').innerHTML+=iframe;\n<\/script>\n\t\t<\/div>\n\t\t\t\t<\/div>\n\t\t\t\t\t<\/div>\n\t\t<\/div>\n\t\t\t\t\t<\/div>\n\t\t<\/section>\n\t\t\t\t<section class=\"elementor-section elementor-top-section elementor-element elementor-element-150a211 elementor-section-boxed elementor-section-height-default elementor-section-height-default\" data-id=\"150a211\" data-element_type=\"section\">\n\t\t\t\t\t\t<div class=\"elementor-container elementor-column-gap-default\">\n\t\t\t\t\t<div class=\"elementor-column elementor-col-100 elementor-top-column elementor-element elementor-element-0e5628d\" data-id=\"0e5628d\" data-element_type=\"column\">\n\t\t\t<div class=\"elementor-widget-wrap elementor-element-populated\">\n\t\t\t\t\t\t<div class=\"elementor-element elementor-element-f1ba09d elementor-widget elementor-widget-spacer\" data-id=\"f1ba09d\" data-element_type=\"widget\" data-widget_type=\"spacer.default\">\n\t\t\t\t<div class=\"elementor-widget-container\">\n\t\t\t\t\t<div class=\"elementor-spacer\">\n\t\t\t<div class=\"elementor-spacer-inner\"><\/div>\n\t\t<\/div>\n\t\t\t\t<\/div>\n\t\t\t\t<\/div>\n\t\t\t\t\t<\/div>\n\t\t<\/div>\n\t\t\t\t\t<\/div>\n\t\t<\/section>\n\t\t\t\t<\/div>\n\t\t","protected":false},"excerpt":{"rendered":"<p>INICIA SESI\u00d3N Reg\u00edstrate<\/p>\n","protected":false},"author":1,"featured_media":0,"parent":0,"menu_order":0,"comment_status":"closed","ping_status":"closed","template":"","meta":{"footnotes":""},"yoast_head":"<!-- This site is optimized with the Yoast SEO plugin v22.3 - https:\/\/yoast.com\/wordpress\/plugins\/seo\/ -->\r\n<title>Registrate y Haz Env\u00edos de Dinero Seguros en GiraM\u00e1s<\/title>\r\n<meta name=\"description\" content=\"Reg\u00edstrate en Giramas y Haz tus Env\u00edos de Dinero en Efectivo de Forma F\u00e1cil y Segura, Atenci\u00f3n 24\/7 y Podr\u00e1s llevar un historial de Env\u00edos\" \/>\r\n<meta name=\"robots\" content=\"index, follow, max-snippet:-1, max-image-preview:large, max-video-preview:-1\" \/>\r\n<link rel=\"canonical\" href=\"https:\/\/giramas.com.co\/Index\/iniciar-sesion\/\" \/>\r\n<meta property=\"og:locale\" content=\"es_ES\" \/>\r\n<meta property=\"og:type\" content=\"article\" \/>\r\n<meta property=\"og:title\" content=\"Registrate y Haz Env\u00edos de Dinero Seguros en GiraM\u00e1s\" \/>\r\n<meta property=\"og:description\" content=\"Reg\u00edstrate en Giramas y Haz tus Env\u00edos de Dinero en Efectivo de Forma F\u00e1cil y Segura, Atenci\u00f3n 24\/7 y Podr\u00e1s llevar un historial de Env\u00edos\" \/>\r\n<meta property=\"og:url\" content=\"https:\/\/giramas.com.co\/Index\/iniciar-sesion\/\" \/>\r\n<meta property=\"og:site_name\" content=\"Giramas.com.co\" \/>\r\n<meta property=\"article:modified_time\" content=\"2021-03-25T16:54:09+00:00\" \/>\r\n<meta name=\"twitter:card\" content=\"summary_large_image\" \/>\r\n<script type=\"application\/ld+json\" class=\"yoast-schema-graph\">{\"@context\":\"https:\/\/schema.org\",\"@graph\":[{\"@type\":\"WebPage\",\"@id\":\"https:\/\/giramas.com.co\/Index\/iniciar-sesion\/\",\"url\":\"https:\/\/giramas.com.co\/Index\/iniciar-sesion\/\",\"name\":\"Registrate y Haz Env\u00edos de Dinero Seguros en GiraM\u00e1s\",\"isPartOf\":{\"@id\":\"https:\/\/giramas.com.co\/Index\/#website\"},\"datePublished\":\"2020-01-02T14:40:10+00:00\",\"dateModified\":\"2021-03-25T16:54:09+00:00\",\"description\":\"Reg\u00edstrate en Giramas y Haz tus Env\u00edos de Dinero en Efectivo de Forma F\u00e1cil y Segura, Atenci\u00f3n 24\/7 y Podr\u00e1s llevar un historial de Env\u00edos\",\"breadcrumb\":{\"@id\":\"https:\/\/giramas.com.co\/Index\/iniciar-sesion\/#breadcrumb\"},\"inLanguage\":\"es-CO\",\"potentialAction\":[{\"@type\":\"ReadAction\",\"target\":[\"https:\/\/giramas.com.co\/Index\/iniciar-sesion\/\"]}]},{\"@type\":\"BreadcrumbList\",\"@id\":\"https:\/\/giramas.com.co\/Index\/iniciar-sesion\/#breadcrumb\",\"itemListElement\":[{\"@type\":\"ListItem\",\"position\":1,\"name\":\"Home\",\"item\":\"https:\/\/giramas.com.co\/Index\/\"},{\"@type\":\"ListItem\",\"position\":2,\"name\":\"Iniciar sesi\u00f3n\"}]},{\"@type\":\"WebSite\",\"@id\":\"https:\/\/giramas.com.co\/Index\/#website\",\"url\":\"https:\/\/giramas.com.co\/Index\/\",\"name\":\"Giramas.com.co\",\"description\":\"Un giro que te acerca a los que quieres\",\"publisher\":{\"@id\":\"https:\/\/giramas.com.co\/Index\/#organization\"},\"potentialAction\":[{\"@type\":\"SearchAction\",\"target\":{\"@type\":\"EntryPoint\",\"urlTemplate\":\"https:\/\/giramas.com.co\/Index\/?s={search_term_string}\"},\"query-input\":\"required name=search_term_string\"}],\"inLanguage\":\"es-CO\"},{\"@type\":\"Organization\",\"@id\":\"https:\/\/giramas.com.co\/Index\/#organization\",\"name\":\"Giramas.com.co\",\"url\":\"https:\/\/giramas.com.co\/Index\/\",\"logo\":{\"@type\":\"ImageObject\",\"inLanguage\":\"es-CO\",\"@id\":\"https:\/\/giramas.com.co\/Index\/#\/schema\/logo\/image\/\",\"url\":\"https:\/\/giramas.com.co\/Index\/wp-content\/uploads\/2020\/01\/cropped-giramas-ind@3x.png\",\"contentUrl\":\"https:\/\/giramas.com.co\/Index\/wp-content\/uploads\/2020\/01\/cropped-giramas-ind@3x.png\",\"width\":384,\"height\":192,\"caption\":\"Giramas.com.co\"},\"image\":{\"@id\":\"https:\/\/giramas.com.co\/Index\/#\/schema\/logo\/image\/\"}}]}<\/script>\r\n<!-- \/ Yoast SEO plugin. -->","yoast_head_json":{"title":"Registrate y Haz Env\u00edos de Dinero Seguros en GiraM\u00e1s","description":"Reg\u00edstrate en Giramas y Haz tus Env\u00edos de Dinero en Efectivo de Forma F\u00e1cil y Segura, Atenci\u00f3n 24\/7 y Podr\u00e1s llevar un historial de Env\u00edos","robots":{"index":"index","follow":"follow","max-snippet":"max-snippet:-1","max-image-preview":"max-image-preview:large","max-video-preview":"max-video-preview:-1"},"canonical":"https:\/\/giramas.com.co\/Index\/iniciar-sesion\/","og_locale":"es_ES","og_type":"article","og_title":"Registrate y Haz Env\u00edos de Dinero Seguros en GiraM\u00e1s","og_description":"Reg\u00edstrate en Giramas y Haz tus Env\u00edos de Dinero en Efectivo de Forma F\u00e1cil y Segura, Atenci\u00f3n 24\/7 y Podr\u00e1s llevar un historial de Env\u00edos","og_url":"https:\/\/giramas.com.co\/Index\/iniciar-sesion\/","og_site_name":"Giramas.com.co","article_modified_time":"2021-03-25T16:54:09+00:00","twitter_card":"summary_large_image","schema":{"@context":"https:\/\/schema.org","@graph":[{"@type":"WebPage","@id":"https:\/\/giramas.com.co\/Index\/iniciar-sesion\/","url":"https:\/\/giramas.com.co\/Index\/iniciar-sesion\/","name":"Registrate y Haz Env\u00edos de Dinero Seguros en GiraM\u00e1s","isPartOf":{"@id":"https:\/\/giramas.com.co\/Index\/#website"},"datePublished":"2020-01-02T14:40:10+00:00","dateModified":"2021-03-25T16:54:09+00:00","description":"Reg\u00edstrate en Giramas y Haz tus Env\u00edos de Dinero en Efectivo de Forma F\u00e1cil y Segura, Atenci\u00f3n 24\/7 y Podr\u00e1s llevar un historial de Env\u00edos","breadcrumb":{"@id":"https:\/\/giramas.com.co\/Index\/iniciar-sesion\/#breadcrumb"},"inLanguage":"es-CO","potentialAction":[{"@type":"ReadAction","target":["https:\/\/giramas.com.co\/Index\/iniciar-sesion\/"]}]},{"@type":"BreadcrumbList","@id":"https:\/\/giramas.com.co\/Index\/iniciar-sesion\/#breadcrumb","itemListElement":[{"@type":"ListItem","position":1,"name":"Home","item":"https:\/\/giramas.com.co\/Index\/"},{"@type":"ListItem","position":2,"name":"Iniciar sesi\u00f3n"}]},{"@type":"WebSite","@id":"https:\/\/giramas.com.co\/Index\/#website","url":"https:\/\/giramas.com.co\/Index\/","name":"Giramas.com.co","description":"Un giro que te acerca a los que quieres","publisher":{"@id":"https:\/\/giramas.com.co\/Index\/#organization"},"potentialAction":[{"@type":"SearchAction","target":{"@type":"EntryPoint","urlTemplate":"https:\/\/giramas.com.co\/Index\/?s={search_term_string}"},"query-input":"required name=search_term_string"}],"inLanguage":"es-CO"},{"@type":"Organization","@id":"https:\/\/giramas.com.co\/Index\/#organization","name":"Giramas.com.co","url":"https:\/\/giramas.com.co\/Index\/","logo":{"@type":"ImageObject","inLanguage":"es-CO","@id":"https:\/\/giramas.com.co\/Index\/#\/schema\/logo\/image\/","url":"https:\/\/giramas.com.co\/Index\/wp-content\/uploads\/2020\/01\/cropped-giramas-ind@3x.png","contentUrl":"https:\/\/giramas.com.co\/Index\/wp-content\/uploads\/2020\/01\/cropped-giramas-ind@3x.png","width":384,"height":192,"caption":"Giramas.com.co"},"image":{"@id":"https:\/\/giramas.com.co\/Index\/#\/schema\/logo\/image\/"}}]}},"_links":{"self":[{"href":"https:\/\/giramas.com.co\/Index\/wp-json\/wp\/v2\/pages\/185"}],"collection":[{"href":"https:\/\/giramas.com.co\/Index\/wp-json\/wp\/v2\/pages"}],"about":[{"href":"https:\/\/giramas.com.co\/Index\/wp-json\/wp\/v2\/types\/page"}],"author":[{"embeddable":true,"href":"https:\/\/giramas.com.co\/Index\/wp-json\/wp\/v2\/users\/1"}],"replies":[{"embeddable":true,"href":"https:\/\/giramas.com.co\/Index\/wp-json\/wp\/v2\/comments?post=185"}],"version-history":[{"count":3,"href":"https:\/\/giramas.com.co\/Index\/wp-json\/wp\/v2\/pages\/185\/revisions"}],"predecessor-version":[{"id":918,"href":"https:\/\/giramas.com.co\/Index\/wp-json\/wp\/v2\/pages\/185\/revisions\/918"}],"wp:attachment":[{"href":"https:\/\/giramas.com.co\/Index\/wp-json\/wp\/v2\/media?parent=185"}],"curies":[{"name":"wp","href":"https:\/\/api.w.org\/{rel}","templated":true}]}}