{"id":973,"date":"2022-07-27T09:42:27","date_gmt":"2022-07-27T14:42:27","guid":{"rendered":"https:\/\/giramas.com.co\/Index\/?page_id=973"},"modified":"2022-10-07T12:10:35","modified_gmt":"2022-10-07T17:10:35","slug":"campana-giros","status":"publish","type":"page","link":"https:\/\/giramas.com.co\/Index\/campana-giros\/","title":{"rendered":""},"content":{"rendered":"\t\t<div data-elementor-type=\"wp-page\" data-elementor-id=\"973\" class=\"elementor elementor-973\" data-elementor-post-type=\"page\">\n\t\t\t\t\t\t<section class=\"elementor-section elementor-top-section elementor-element elementor-element-3ca72ed elementor-section-boxed elementor-section-height-default elementor-section-height-default\" data-id=\"3ca72ed\" data-element_type=\"section\">\n\t\t\t\t\t\t<div class=\"elementor-container elementor-column-gap-default\">\n\t\t\t\t\t<div class=\"elementor-column elementor-col-100 elementor-top-column elementor-element elementor-element-9c16528\" data-id=\"9c16528\" data-element_type=\"column\">\n\t\t\t<div class=\"elementor-widget-wrap elementor-element-populated\">\n\t\t\t\t\t\t<section class=\"elementor-section elementor-inner-section elementor-element elementor-element-5a16b9f elementor-section-boxed elementor-section-height-default elementor-section-height-default\" data-id=\"5a16b9f\" data-element_type=\"section\">\n\t\t\t\t\t\t<div class=\"elementor-container elementor-column-gap-default\">\n\t\t\t\t\t<div class=\"elementor-column elementor-col-50 elementor-inner-column elementor-element elementor-element-a47db19\" data-id=\"a47db19\" data-element_type=\"column\">\n\t\t\t<div class=\"elementor-widget-wrap elementor-element-populated\">\n\t\t\t\t\t\t<div class=\"elementor-element elementor-element-dad2e8a elementor-widget elementor-widget-heading\" data-id=\"dad2e8a\" data-element_type=\"widget\" data-widget_type=\"heading.default\">\n\t\t\t\t<div class=\"elementor-widget-container\">\n\t\t\t<h1 class=\"elementor-heading-title elementor-size-default\">Gana un bono de $100.000 con Gira M\u00e1s<\/h1>\t\t<\/div>\n\t\t\t\t<\/div>\n\t\t\t\t\t<\/div>\n\t\t<\/div>\n\t\t\t\t<div class=\"elementor-column elementor-col-50 elementor-inner-column elementor-element elementor-element-2d200f2\" data-id=\"2d200f2\" data-element_type=\"column\">\n\t\t\t<div class=\"elementor-widget-wrap elementor-element-populated\">\n\t\t\t\t\t\t<div class=\"elementor-element elementor-element-80b2a2e elementor-widget elementor-widget-image\" data-id=\"80b2a2e\" data-element_type=\"widget\" data-widget_type=\"image.default\">\n\t\t\t\t<div class=\"elementor-widget-container\">\n\t\t\t\t\t\t\t\t\t\t\t\t\t<img fetchpriority=\"high\" decoding=\"async\" width=\"800\" height=\"835\" src=\"https:\/\/giramas.com.co\/Index\/wp-content\/uploads\/2022\/08\/Gira-Mas-Campana-Septiembre-981x1024.jpg\" class=\"attachment-large size-large wp-image-1001\" alt=\"\" srcset=\"https:\/\/giramas.com.co\/Index\/wp-content\/uploads\/2022\/08\/Gira-Mas-Campana-Septiembre-981x1024.jpg 981w, https:\/\/giramas.com.co\/Index\/wp-content\/uploads\/2022\/08\/Gira-Mas-Campana-Septiembre-287x300.jpg 287w, https:\/\/giramas.com.co\/Index\/wp-content\/uploads\/2022\/08\/Gira-Mas-Campana-Septiembre-768x801.jpg 768w, https:\/\/giramas.com.co\/Index\/wp-content\/uploads\/2022\/08\/Gira-Mas-Campana-Septiembre.jpg 1080w\" sizes=\"(max-width: 800px) 100vw, 800px\" \/>\t\t\t\t\t\t\t\t\t\t\t\t\t<\/div>\n\t\t\t\t<\/div>\n\t\t\t\t\t<\/div>\n\t\t<\/div>\n\t\t\t\t\t<\/div>\n\t\t<\/section>\n\t\t\t\t\t<\/div>\n\t\t<\/div>\n\t\t\t\t\t<\/div>\n\t\t<\/section>\n\t\t\t\t<section class=\"elementor-section elementor-top-section elementor-element elementor-element-ade641e elementor-section-boxed elementor-section-height-default elementor-section-height-default\" data-id=\"ade641e\" data-element_type=\"section\">\n\t\t\t\t\t\t<div class=\"elementor-container elementor-column-gap-default\">\n\t\t\t\t\t<div class=\"elementor-column elementor-col-100 elementor-top-column elementor-element elementor-element-84573d5\" data-id=\"84573d5\" data-element_type=\"column\">\n\t\t\t<div class=\"elementor-widget-wrap elementor-element-populated\">\n\t\t\t\t\t\t<div class=\"elementor-element elementor-element-897b880 elementor-widget elementor-widget-heading\" data-id=\"897b880\" data-element_type=\"widget\" data-widget_type=\"heading.default\">\n\t\t\t\t<div class=\"elementor-widget-container\">\n\t\t\t<p class=\"elementor-heading-title elementor-size-default\">Vigencia<\/p>\t\t<\/div>\n\t\t\t\t<\/div>\n\t\t\t\t<div class=\"elementor-element elementor-element-5880eb8 elementor-widget elementor-widget-text-editor\" data-id=\"5880eb8\" data-element_type=\"widget\" data-widget_type=\"text-editor.default\">\n\t\t\t\t<div class=\"elementor-widget-container\">\n\t\t\t\t\t\t\t<p>V\u00e1lido del 1 al 28 de septiembre de 2022. <b>CAMPA\u00d1A FINALIZADA.<\/b><\/p>\t\t\t\t\t\t<\/div>\n\t\t\t\t<\/div>\n\t\t\t\t<div class=\"elementor-element elementor-element-b414da4 elementor-widget elementor-widget-heading\" data-id=\"b414da4\" data-element_type=\"widget\" data-widget_type=\"heading.default\">\n\t\t\t\t<div class=\"elementor-widget-container\">\n\t\t\t<p class=\"elementor-heading-title elementor-size-default\">Mec\u00e1nica<\/p>\t\t<\/div>\n\t\t\t\t<\/div>\n\t\t\t\t<div class=\"elementor-element elementor-element-d443757 elementor-widget elementor-widget-text-editor\" data-id=\"d443757\" data-element_type=\"widget\" data-widget_type=\"text-editor.default\">\n\t\t\t\t<div class=\"elementor-widget-container\">\n\t\t\t\t\t\t\t<p>Realiza 2 o m\u00e1s giros por semana mayores a $100.000 con Gira M\u00e1s y podr\u00e1s ser uno de los 5 ganadores semanales de un bono por $100.000 redimible en Ol\u00edmpica.<\/p>\t\t\t\t\t\t<\/div>\n\t\t\t\t<\/div>\n\t\t\t\t<div class=\"elementor-element elementor-element-276b2ee elementor-widget elementor-widget-text-editor\" data-id=\"276b2ee\" data-element_type=\"widget\" data-widget_type=\"text-editor.default\">\n\t\t\t\t<div class=\"elementor-widget-container\">\n\t\t\t\t\t\t\t<table style=\"border-collapse: collapse; width: 77.7202%; height: 130px;\"><tbody><tr><td style=\"width: 50%; text-align: center;\">\u00a0Semana<\/td><td style=\"width: 50%; text-align: center;\">\u00a0Fecha<\/td><\/tr><tr><td style=\"width: 50%; text-align: center;\">\u00a01<\/td><td style=\"width: 50%; text-align: center;\">del 1 al 7 de septiembre<\/td><\/tr><tr><td style=\"width: 50%; text-align: center;\">\u00a02<\/td><td style=\"width: 50%; text-align: center;\">\u00a0del 8 al 14 de septiembre<\/td><\/tr><tr><td style=\"width: 50%; text-align: center;\">\u00a03<\/td><td style=\"width: 50%; text-align: center;\">\u00a0del 15 al 21 de septiembre<\/td><\/tr><tr><td style=\"width: 50%; text-align: center;\">\u00a04<\/td><td style=\"width: 50%; text-align: center;\">\u00a0del 22 al 28 de septiembre<\/td><\/tr><\/tbody><\/table><p>Nota: Los ganadores de cada semana, ser\u00e1n excluidos del concurso correspondiente a las semanas siguientes.\u00a0<\/p>\t\t\t\t\t\t<\/div>\n\t\t\t\t<\/div>\n\t\t\t\t<div class=\"elementor-element elementor-element-9014113 elementor-widget elementor-widget-heading\" data-id=\"9014113\" data-element_type=\"widget\" data-widget_type=\"heading.default\">\n\t\t\t\t<div class=\"elementor-widget-container\">\n\t\t\t<p class=\"elementor-heading-title elementor-size-default\">T\u00e9rminos y Condiciones<\/p>\t\t<\/div>\n\t\t\t\t<\/div>\n\t\t\t\t\t<\/div>\n\t\t<\/div>\n\t\t\t\t\t<\/div>\n\t\t<\/section>\n\t\t\t\t<section class=\"elementor-section elementor-top-section elementor-element elementor-element-9da7fa9 elementor-section-boxed elementor-section-height-default elementor-section-height-default\" data-id=\"9da7fa9\" data-element_type=\"section\">\n\t\t\t\t\t\t<div class=\"elementor-container elementor-column-gap-default\">\n\t\t\t\t\t<div class=\"elementor-column elementor-col-100 elementor-top-column elementor-element elementor-element-5631413\" data-id=\"5631413\" data-element_type=\"column\">\n\t\t\t<div class=\"elementor-widget-wrap elementor-element-populated\">\n\t\t\t\t\t\t<div class=\"elementor-element elementor-element-f4df187 elementor-widget elementor-widget-text-editor\" data-id=\"f4df187\" data-element_type=\"widget\" data-widget_type=\"text-editor.default\">\n\t\t\t\t<div class=\"elementor-widget-container\">\n\t\t\t\t\t\t\t<p>Vigencia de la campa\u00f1a del 1 al 28 de septiembre de 2022. Participar\u00e1n clientes\/usuarios de Gira M\u00e1s que emitan 2 o m\u00e1s giros mayores a $100.000 en cada semana correspondiente a siete d\u00edas (Semana I: 1 al 7 septiembre. Semana II. 8 al 14 septiembre. Semana III: 15 al 21 septiembre. Semana IV:\u00a0 22 al 28 septiembre). En cada concurso se excluir\u00e1n los ganadores de las semanas anteriores. En caso de empate, se escoger\u00e1 al cliente con mayor monto en la suma de los giros realizados durante la semana. Si se presenta un empate en el monto acumulado, se seleccionar\u00e1n los primeros giros emitidos. Cada siete d\u00edas se escoger\u00e1n 5 ganadores de un bono por $100.000 redimible en Ol\u00edmpica. Un bono por cliente. Aplica para giros emitidos a trav\u00e9s de cualquier canal. Finalizada la vigencia de la campa\u00f1a, se conocer\u00e1n los ganadores a trav\u00e9s de un mensaje de texto enviado a cada emisor de giros el d\u00eda 3 de octubre. El bono podr\u00e1 ser utilizado a partir de la segunda quincena de octubre y estar\u00e1 vigente hasta el 31 de octubre 2022. El bono es personal e intransferible y solo podr\u00e1 redimirse en una sola compra en la caja Ol\u00edmpica. No aplica giros vencidos o anulados. No participan empleados Serfinanza. Solo se entregar\u00e1n bonos a los ganadores, y podr\u00e1n redimirlos presentando la c\u00e9dula en nuestro corresponsal Ol\u00edmpica (En ning\u00fan caso se redimir\u00e1 por dinero en efectivo), ni fraccionado solo se puede usar en una compra.\u00a0<\/p>\t\t\t\t\t\t<\/div>\n\t\t\t\t<\/div>\n\t\t\t\t\t<\/div>\n\t\t<\/div>\n\t\t\t\t\t<\/div>\n\t\t<\/section>\n\t\t\t\t<\/div>\n\t\t","protected":false},"excerpt":{"rendered":"<p>Gana un bono de $100.000 con Gira M\u00e1s Vigencia V\u00e1lido del 1 al 28 de septiembre de 2022. CAMPA\u00d1A FINALIZADA. Mec\u00e1nica Realiza 2 o m\u00e1s giros por semana mayores a $100.000 con Gira M\u00e1s y podr\u00e1s ser uno de los 5 ganadores semanales de un bono por $100.000 redimible en Ol\u00edmpica. \u00a0Semana \u00a0Fecha \u00a01 del [&hellip;]<\/p>\n","protected":false},"author":2,"featured_media":0,"parent":0,"menu_order":0,"comment_status":"closed","ping_status":"closed","template":"","meta":{"footnotes":""},"yoast_head":"<!-- This site is optimized with the Yoast SEO plugin v22.3 - https:\/\/yoast.com\/wordpress\/plugins\/seo\/ -->\r\n<title>- Giramas.com.co<\/title>\r\n<meta name=\"robots\" content=\"index, follow, max-snippet:-1, max-image-preview:large, max-video-preview:-1\" \/>\r\n<link rel=\"canonical\" href=\"https:\/\/giramas.com.co\/Index\/campana-giros\/\" \/>\r\n<meta property=\"og:locale\" content=\"es_ES\" \/>\r\n<meta property=\"og:type\" content=\"article\" \/>\r\n<meta property=\"og:title\" content=\"- Giramas.com.co\" \/>\r\n<meta property=\"og:description\" content=\"Gana un bono de $100.000 con Gira M\u00e1s Vigencia V\u00e1lido del 1 al 28 de septiembre de 2022. CAMPA\u00d1A FINALIZADA. Mec\u00e1nica Realiza 2 o m\u00e1s giros por semana mayores a $100.000 con Gira M\u00e1s y podr\u00e1s ser uno de los 5 ganadores semanales de un bono por $100.000 redimible en Ol\u00edmpica. \u00a0Semana \u00a0Fecha \u00a01 del [&hellip;]\" \/>\r\n<meta property=\"og:url\" content=\"https:\/\/giramas.com.co\/Index\/campana-giros\/\" \/>\r\n<meta property=\"og:site_name\" content=\"Giramas.com.co\" \/>\r\n<meta property=\"article:modified_time\" content=\"2022-10-07T17:10:35+00:00\" \/>\r\n<meta property=\"og:image\" content=\"https:\/\/giramas.com.co\/Index\/wp-content\/uploads\/2022\/08\/Gira-Mas-Campana-Septiembre-981x1024.jpg\" \/>\r\n<meta name=\"twitter:card\" content=\"summary_large_image\" \/>\r\n<meta name=\"twitter:label1\" content=\"Tiempo estimado de lectura\" \/>\n\t<meta name=\"twitter:data1\" content=\"2 minutos\" \/>\r\n<script type=\"application\/ld+json\" class=\"yoast-schema-graph\">{\"@context\":\"https:\/\/schema.org\",\"@graph\":[{\"@type\":\"WebPage\",\"@id\":\"https:\/\/giramas.com.co\/Index\/campana-giros\/\",\"url\":\"https:\/\/giramas.com.co\/Index\/campana-giros\/\",\"name\":\"- Giramas.com.co\",\"isPartOf\":{\"@id\":\"https:\/\/giramas.com.co\/Index\/#website\"},\"primaryImageOfPage\":{\"@id\":\"https:\/\/giramas.com.co\/Index\/campana-giros\/#primaryimage\"},\"image\":{\"@id\":\"https:\/\/giramas.com.co\/Index\/campana-giros\/#primaryimage\"},\"thumbnailUrl\":\"https:\/\/giramas.com.co\/Index\/wp-content\/uploads\/2022\/08\/Gira-Mas-Campana-Septiembre-981x1024.jpg\",\"datePublished\":\"2022-07-27T14:42:27+00:00\",\"dateModified\":\"2022-10-07T17:10:35+00:00\",\"inLanguage\":\"es-CO\",\"potentialAction\":[{\"@type\":\"ReadAction\",\"target\":[\"https:\/\/giramas.com.co\/Index\/campana-giros\/\"]}]},{\"@type\":\"ImageObject\",\"inLanguage\":\"es-CO\",\"@id\":\"https:\/\/giramas.com.co\/Index\/campana-giros\/#primaryimage\",\"url\":\"https:\/\/giramas.com.co\/Index\/wp-content\/uploads\/2022\/08\/Gira-Mas-Campana-Septiembre.jpg\",\"contentUrl\":\"https:\/\/giramas.com.co\/Index\/wp-content\/uploads\/2022\/08\/Gira-Mas-Campana-Septiembre.jpg\",\"width\":1080,\"height\":1127},{\"@type\":\"WebSite\",\"@id\":\"https:\/\/giramas.com.co\/Index\/#website\",\"url\":\"https:\/\/giramas.com.co\/Index\/\",\"name\":\"Giramas.com.co\",\"description\":\"Un giro que te acerca a los que quieres\",\"publisher\":{\"@id\":\"https:\/\/giramas.com.co\/Index\/#organization\"},\"potentialAction\":[{\"@type\":\"SearchAction\",\"target\":{\"@type\":\"EntryPoint\",\"urlTemplate\":\"https:\/\/giramas.com.co\/Index\/?s={search_term_string}\"},\"query-input\":\"required name=search_term_string\"}],\"inLanguage\":\"es-CO\"},{\"@type\":\"Organization\",\"@id\":\"https:\/\/giramas.com.co\/Index\/#organization\",\"name\":\"Giramas.com.co\",\"url\":\"https:\/\/giramas.com.co\/Index\/\",\"logo\":{\"@type\":\"ImageObject\",\"inLanguage\":\"es-CO\",\"@id\":\"https:\/\/giramas.com.co\/Index\/#\/schema\/logo\/image\/\",\"url\":\"https:\/\/giramas.com.co\/Index\/wp-content\/uploads\/2020\/01\/cropped-giramas-ind@3x.png\",\"contentUrl\":\"https:\/\/giramas.com.co\/Index\/wp-content\/uploads\/2020\/01\/cropped-giramas-ind@3x.png\",\"width\":384,\"height\":192,\"caption\":\"Giramas.com.co\"},\"image\":{\"@id\":\"https:\/\/giramas.com.co\/Index\/#\/schema\/logo\/image\/\"}}]}<\/script>\r\n<!-- \/ Yoast SEO plugin. -->","yoast_head_json":{"title":"- Giramas.com.co","robots":{"index":"index","follow":"follow","max-snippet":"max-snippet:-1","max-image-preview":"max-image-preview:large","max-video-preview":"max-video-preview:-1"},"canonical":"https:\/\/giramas.com.co\/Index\/campana-giros\/","og_locale":"es_ES","og_type":"article","og_title":"- Giramas.com.co","og_description":"Gana un bono de $100.000 con Gira M\u00e1s Vigencia V\u00e1lido del 1 al 28 de septiembre de 2022. CAMPA\u00d1A FINALIZADA. Mec\u00e1nica Realiza 2 o m\u00e1s giros por semana mayores a $100.000 con Gira M\u00e1s y podr\u00e1s ser uno de los 5 ganadores semanales de un bono por $100.000 redimible en Ol\u00edmpica. \u00a0Semana \u00a0Fecha \u00a01 del [&hellip;]","og_url":"https:\/\/giramas.com.co\/Index\/campana-giros\/","og_site_name":"Giramas.com.co","article_modified_time":"2022-10-07T17:10:35+00:00","og_image":[{"url":"https:\/\/giramas.com.co\/Index\/wp-content\/uploads\/2022\/08\/Gira-Mas-Campana-Septiembre-981x1024.jpg"}],"twitter_card":"summary_large_image","twitter_misc":{"Tiempo estimado de lectura":"2 minutos"},"schema":{"@context":"https:\/\/schema.org","@graph":[{"@type":"WebPage","@id":"https:\/\/giramas.com.co\/Index\/campana-giros\/","url":"https:\/\/giramas.com.co\/Index\/campana-giros\/","name":"- Giramas.com.co","isPartOf":{"@id":"https:\/\/giramas.com.co\/Index\/#website"},"primaryImageOfPage":{"@id":"https:\/\/giramas.com.co\/Index\/campana-giros\/#primaryimage"},"image":{"@id":"https:\/\/giramas.com.co\/Index\/campana-giros\/#primaryimage"},"thumbnailUrl":"https:\/\/giramas.com.co\/Index\/wp-content\/uploads\/2022\/08\/Gira-Mas-Campana-Septiembre-981x1024.jpg","datePublished":"2022-07-27T14:42:27+00:00","dateModified":"2022-10-07T17:10:35+00:00","inLanguage":"es-CO","potentialAction":[{"@type":"ReadAction","target":["https:\/\/giramas.com.co\/Index\/campana-giros\/"]}]},{"@type":"ImageObject","inLanguage":"es-CO","@id":"https:\/\/giramas.com.co\/Index\/campana-giros\/#primaryimage","url":"https:\/\/giramas.com.co\/Index\/wp-content\/uploads\/2022\/08\/Gira-Mas-Campana-Septiembre.jpg","contentUrl":"https:\/\/giramas.com.co\/Index\/wp-content\/uploads\/2022\/08\/Gira-Mas-Campana-Septiembre.jpg","width":1080,"height":1127},{"@type":"WebSite","@id":"https:\/\/giramas.com.co\/Index\/#website","url":"https:\/\/giramas.com.co\/Index\/","name":"Giramas.com.co","description":"Un giro que te acerca a los que quieres","publisher":{"@id":"https:\/\/giramas.com.co\/Index\/#organization"},"potentialAction":[{"@type":"SearchAction","target":{"@type":"EntryPoint","urlTemplate":"https:\/\/giramas.com.co\/Index\/?s={search_term_string}"},"query-input":"required name=search_term_string"}],"inLanguage":"es-CO"},{"@type":"Organization","@id":"https:\/\/giramas.com.co\/Index\/#organization","name":"Giramas.com.co","url":"https:\/\/giramas.com.co\/Index\/","logo":{"@type":"ImageObject","inLanguage":"es-CO","@id":"https:\/\/giramas.com.co\/Index\/#\/schema\/logo\/image\/","url":"https:\/\/giramas.com.co\/Index\/wp-content\/uploads\/2020\/01\/cropped-giramas-ind@3x.png","contentUrl":"https:\/\/giramas.com.co\/Index\/wp-content\/uploads\/2020\/01\/cropped-giramas-ind@3x.png","width":384,"height":192,"caption":"Giramas.com.co"},"image":{"@id":"https:\/\/giramas.com.co\/Index\/#\/schema\/logo\/image\/"}}]}},"_links":{"self":[{"href":"https:\/\/giramas.com.co\/Index\/wp-json\/wp\/v2\/pages\/973"}],"collection":[{"href":"https:\/\/giramas.com.co\/Index\/wp-json\/wp\/v2\/pages"}],"about":[{"href":"https:\/\/giramas.com.co\/Index\/wp-json\/wp\/v2\/types\/page"}],"author":[{"embeddable":true,"href":"https:\/\/giramas.com.co\/Index\/wp-json\/wp\/v2\/users\/2"}],"replies":[{"embeddable":true,"href":"https:\/\/giramas.com.co\/Index\/wp-json\/wp\/v2\/comments?post=973"}],"version-history":[{"count":69,"href":"https:\/\/giramas.com.co\/Index\/wp-json\/wp\/v2\/pages\/973\/revisions"}],"predecessor-version":[{"id":1052,"href":"https:\/\/giramas.com.co\/Index\/wp-json\/wp\/v2\/pages\/973\/revisions\/1052"}],"wp:attachment":[{"href":"https:\/\/giramas.com.co\/Index\/wp-json\/wp\/v2\/media?parent=973"}],"curies":[{"name":"wp","href":"https:\/\/api.w.org\/{rel}","templated":true}]}}